{"id":1135,"date":"2023-04-05T15:03:55","date_gmt":"2023-04-05T15:03:55","guid":{"rendered":"https:\/\/ottesa.parentesi.net\/gestoria\/"},"modified":"2023-10-19T11:11:38","modified_gmt":"2023-10-19T11:11:38","slug":"gestoria","status":"publish","type":"page","link":"https:\/\/ottesalleida.es\/es\/gestoria\/","title":{"rendered":"Gestor\u00eda"},"content":{"rendered":"<p><div class=\"fusion-fullwidth fullwidth-box fusion-builder-row-1 fusion-flex-container has-pattern-background has-mask-background hundred-percent-fullwidth non-hundred-percent-height-scrolling\" style=\"--awb-background-blend-mode:overlay;--awb-border-radius-top-left:0px;--awb-border-radius-top-right:0px;--awb-border-radius-bottom-right:0px;--awb-border-radius-bottom-left:0px;--awb-padding-top:0px;--awb-padding-right:0px;--awb-padding-bottom:0px;--awb-padding-left:0px;--awb-margin-top:-60px;--awb-background-color:rgba(177,183,149,0.36);\" ><div class=\"fusion-builder-row fusion-row fusion-flex-align-items-stretch fusion-flex-align-content-space-between\" style=\"width:104% !important;max-width:104% !important;margin-left: calc(-4% \/ 2 );margin-right: calc(-4% \/ 2 );\"><div class=\"fusion-layout-column fusion_builder_column fusion-builder-column-0 fusion_builder_column_2_5 2_5 fusion-flex-column\" style=\"--awb-bg-image:url(&#039;https:\/\/ottesa.parentesi.net\/wp-content\/uploads\/2023\/10\/Gestoria-OTESSA.jpeg&#039;);--awb-bg-position:center center;--awb-bg-size:cover;--awb-width-large:40%;--awb-margin-top-large:0px;--awb-spacing-right-large:0px;--awb-margin-bottom-large:0px;--awb-spacing-left-large:0px;--awb-width-medium:40%;--awb-order-medium:0;--awb-spacing-right-medium:0px;--awb-spacing-left-medium:0px;--awb-width-small:100%;--awb-order-small:0;--awb-spacing-right-small:1.92%;--awb-spacing-left-small:1.92%;\"><div class=\"fusion-column-wrapper fusion-column-has-shadow fusion-flex-justify-content-center fusion-content-layout-column fusion-empty-column-bg-image\" data-bg-url=\"https:\/\/ottesa.parentesi.net\/wp-content\/uploads\/2023\/10\/Gestoria-OTESSA.jpeg\"><img class=\"fusion-empty-dims-img-placeholder fusion-no-large-visibility fusion-no-medium-visibility\" src=\"data:image\/gif;base64,R0lGODlhAQABAAAAACH5BAEKAAEALAAAAAABAAEAAAICTAEAOw==\"><\/div><\/div><div class=\"fusion-layout-column fusion_builder_column fusion-builder-column-1 fusion_builder_column_3_5 3_5 fusion-flex-column fusion-flex-align-self-flex-start\" style=\"--awb-bg-size:cover;--awb-width-large:60%;--awb-margin-top-large:0px;--awb-spacing-right-large:0px;--awb-margin-bottom-large:0px;--awb-spacing-left-large:0px;--awb-width-medium:60%;--awb-order-medium:0;--awb-spacing-right-medium:0px;--awb-spacing-left-medium:0px;--awb-width-small:100%;--awb-order-small:0;--awb-spacing-right-small:1.92%;--awb-spacing-left-small:1.92%;\"><div class=\"fusion-column-wrapper fusion-column-has-shadow fusion-flex-justify-content-center fusion-content-layout-column\"><div class=\"fusion-builder-row fusion-builder-row-inner fusion-row fusion-flex-align-items-stretch fusion-flex-align-content-space-between\" style=\"width:104% !important;max-width:104% !important;margin-left: calc(-4% \/ 2 );margin-right: calc(-4% \/ 2 );\"><div class=\"fusion-layout-column fusion_builder_column_inner fusion-builder-nested-column-0 fusion_builder_column_inner_1_1 1_1 fusion-flex-column fusion-flex-align-self-stretch\" style=\"--awb-padding-top:50px;--awb-padding-bottom:50px;--awb-padding-right-small:10%;--awb-padding-left-small:10%;--awb-bg-color:var(--awb-color5);--awb-bg-size:cover;--awb-width-large:100%;--awb-margin-top-large:0px;--awb-spacing-right-large:1.92%;--awb-margin-bottom-large:0px;--awb-spacing-left-large:1.92%;--awb-width-medium:100%;--awb-order-medium:0;--awb-spacing-right-medium:1.92%;--awb-spacing-left-medium:1.92%;--awb-width-small:100%;--awb-order-small:0;--awb-spacing-right-small:1.92%;--awb-spacing-left-small:1.92%;\"><div class=\"fusion-column-wrapper fusion-column-has-shadow fusion-flex-justify-content-space-between fusion-content-layout-column\"><div class=\"fusion-title title fusion-title-1 fusion-sep-none fusion-title-text fusion-title-size-one\" style=\"--awb-text-color:var(--awb-color1);--awb-margin-left:100px;\"><h1 class=\"title-heading-left fusion-responsive-typography-calculated\" style=\"margin:0;--fontSize:40;line-height:var(--awb-typography1-line-height);\"><strong>Gestor\u00eda<\/strong><\/h1><\/div><\/div><\/div><\/div><div class=\"fusion-title title fusion-title-2 fusion-sep-none fusion-title-text fusion-title-size-five\" style=\"--awb-text-color:var(--awb-color4);--awb-margin-top:100px;--awb-margin-right:20%;--awb-margin-bottom:100px;--awb-margin-left:150px;--awb-margin-top-small:10%;--awb-margin-right-small:10%;--awb-margin-bottom-small:10%;--awb-margin-left-small:10%;\"><h5 class=\"title-heading-left fusion-responsive-typography-calculated\" style=\"margin:0;--fontSize:20;line-height:var(--awb-typography1-line-height);\">Gane eficacia de gesti\u00f3n y tiempo para usted. Evite largas esperas, errores, ir de ventanilla en ventanilla, de sello en sello.<\/h5><\/div><\/div><\/div><\/div><\/div><div class=\"fusion-fullwidth fullwidth-box fusion-builder-row-2 fusion-flex-container has-pattern-background has-mask-background nonhundred-percent-fullwidth non-hundred-percent-height-scrolling\" style=\"--awb-border-radius-top-left:0px;--awb-border-radius-top-right:0px;--awb-border-radius-bottom-right:0px;--awb-border-radius-bottom-left:0px;--awb-padding-top:100px;--awb-padding-top-small:50px;\" ><div class=\"fusion-builder-row fusion-row fusion-flex-align-items-flex-start\" style=\"max-width:1248px;margin-left: calc(-4% \/ 2 );margin-right: calc(-4% \/ 2 );\"><div class=\"fusion-layout-column fusion_builder_column fusion-builder-column-2 fusion-flex-column\" style=\"--awb-padding-top:60px;--awb-padding-right:60px;--awb-padding-bottom:60px;--awb-padding-left:60px;--awb-padding-top-small:50px;--awb-padding-right-small:50px;--awb-padding-bottom-small:50px;--awb-padding-left-small:50px;--awb-bg-color:rgba(177,183,149,0.19);--awb-bg-size:cover;--awb-border-color:var(--awb-color4);--awb-border-style:solid;--awb-width-large:40%;--awb-margin-top-large:0px;--awb-spacing-right-large:50px;--awb-margin-bottom-large:0px;--awb-spacing-left-large:4.8%;--awb-width-medium:40%;--awb-order-medium:0;--awb-spacing-right-medium:50px;--awb-spacing-left-medium:4.8%;--awb-width-small:100%;--awb-order-small:0;--awb-spacing-right-small:1.92%;--awb-spacing-left-small:1.92%;\"><div class=\"fusion-column-wrapper fusion-column-has-shadow fusion-flex-justify-content-flex-start fusion-content-layout-column\"><div class=\"fusion-text fusion-text-1\" style=\"--awb-font-size:var(--awb-typography5-font-size);--awb-line-height:var(--awb-typography5-line-height);--awb-letter-spacing:var(--awb-typography5-letter-spacing);--awb-text-transform:var(--awb-typography5-text-transform);--awb-text-font-family:var(--awb-typography5-font-family);--awb-text-font-weight:var(--awb-typography5-font-weight);--awb-text-font-style:var(--awb-typography5-font-style);\"><p>Nuestro equipo de profesionales est\u00e1 a su servicio para gestionar de forma eficaz, c\u00f3moda y econ\u00f3mica, cualquier tramitaci\u00f3n que tenga que realizar ante la administraci\u00f3n, ya sea de manera particular o empresarial.<\/p>\n<\/div><\/div><\/div><div class=\"fusion-layout-column fusion_builder_column fusion-builder-column-3 fusion-flex-column\" style=\"--awb-padding-top-small:30px;--awb-bg-size:cover;--awb-width-large:60%;--awb-margin-top-large:0px;--awb-spacing-right-large:3.2%;--awb-margin-bottom-large:20px;--awb-spacing-left-large:4.2666666666667%;--awb-width-medium:60%;--awb-order-medium:0;--awb-spacing-right-medium:3.2%;--awb-spacing-left-medium:4.2666666666667%;--awb-width-small:100%;--awb-order-small:0;--awb-spacing-right-small:1.92%;--awb-spacing-left-small:1.92%;\"><div class=\"fusion-column-wrapper fusion-column-has-shadow fusion-flex-justify-content-flex-start fusion-content-layout-column\"><div class=\"fusion-title title fusion-title-3 sep-underline sep-solid fusion-title-text fusion-title-size-three\" style=\"--awb-text-color:var(--awb-color4);--awb-sep-color:var(--awb-color4);\"><h3 class=\"title-heading-left fusion-responsive-typography-calculated\" style=\"margin:0;--fontSize:30;line-height:var(--awb-typography1-line-height);\">Servicios<\/h3><\/div><div class=\"fusion-text fusion-text-2\" style=\"--awb-font-size:18px;\"><h5>Particulares y empresas<\/h5>\n<ul>\n<li>Cambios de domicilio<\/li>\n<li>Cambios de matr\u00edcula<\/li>\n<li>Cambios de nombre<\/li>\n<li>Duplicidad de documentaciones<\/li>\n<li>Matriculaci\u00f3n de veh\u00edculos<\/li>\n<li>Notificaciones de venta<\/li>\n<li>Permisos de circulaci\u00f3n<\/li>\n<li>Gestiones con la administraci\u00f3n local (pago de impuestos, tasa y tributos, padr\u00f3n, certificados, etc.)<\/li>\n<\/ul>\n<h5>Empresas de transporte<\/h5>\n<ul>\n<li>Alta y visado de operador de transportes<\/li>\n<li>Altas y bajas de tarjetas de transporte<\/li>\n<li>Certificados de conductor extracomunitario<\/li>\n<li>Informes de tr\u00e1fico<\/li>\n<li>Licencias comunitarias<\/li>\n<li>Permisos internacionales<\/li>\n<li>Renovaci\u00f3n y traspaso de tarjetas de transporte<\/li>\n<li>Tarjetas tac\u00f3grafo<\/li>\n<li>Visados de empresa<\/li>\n<\/ul>\n<\/div><\/div><\/div><\/div><\/div><div class=\"fusion-fullwidth fullwidth-box fusion-builder-row-3 fusion-flex-container has-pattern-background has-mask-background hundred-percent-fullwidth non-hundred-percent-height-scrolling\" style=\"--awb-border-radius-top-left:0px;--awb-border-radius-top-right:0px;--awb-border-radius-bottom-right:0px;--awb-border-radius-bottom-left:0px;--awb-padding-top:50px;--awb-padding-right:5%;--awb-padding-bottom:0px;--awb-padding-left:5%;--awb-padding-top-small:0px;--awb-padding-right-small:10%;--awb-padding-bottom-small:0px;--awb-padding-left-small:10%;--awb-margin-top:50px;--awb-margin-bottom:0px;--awb-margin-top-small:0px;--awb-margin-bottom-small:0px;\" ><div class=\"fusion-builder-row fusion-row fusion-flex-align-items-stretch fusion-flex-justify-content-center\" style=\"width:calc( 100% + 10px ) !important;max-width:calc( 100% + 10px ) !important;margin-left: calc(-10px \/ 2 );margin-right: calc(-10px \/ 2 );\"><div class=\"fusion-layout-column fusion_builder_column fusion-builder-column-4 fusion_builder_column_1_1 1_1 fusion-flex-column fusion-flex-align-self-center\" style=\"--awb-padding-right:350px;--awb-padding-left:350px;--awb-padding-top-small:0px;--awb-padding-right-small:5%;--awb-padding-bottom-small:0px;--awb-padding-left-small:5%;--awb-bg-size:cover;--awb-width-large:100%;--awb-margin-top-large:0px;--awb-spacing-right-large:5px;--awb-margin-bottom-large:20px;--awb-spacing-left-large:5px;--awb-width-medium:100%;--awb-order-medium:0;--awb-spacing-right-medium:5px;--awb-spacing-left-medium:5px;--awb-width-small:100%;--awb-order-small:0;--awb-spacing-right-small:5px;--awb-spacing-left-small:5px;\"><div class=\"fusion-column-wrapper fusion-column-has-shadow fusion-flex-justify-content-center fusion-content-layout-column\"><div class=\"fusion-title title fusion-title-4 sep-underline sep-solid fusion-title-text fusion-title-size-three\" style=\"--awb-text-color:var(--awb-color4);--awb-sep-color:var(--awb-color4);\"><h3 class=\"title-heading-left fusion-responsive-typography-calculated\" style=\"margin:0;--fontSize:30;line-height:var(--awb-typography1-line-height);\">Otros Servicios<\/h3><\/div><\/div><\/div><div class=\"fusion-layout-column fusion_builder_column fusion-builder-column-5 fusion_builder_column_1_6 1_6 fusion-flex-column\" style=\"--awb-padding-bottom:40px;--awb-padding-left:40px;--awb-bg-color:var(--awb-color6);--awb-bg-size:cover;--awb-width-large:16.666666666667%;--awb-margin-top-large:0px;--awb-spacing-right-large:0px;--awb-margin-bottom-large:20px;--awb-spacing-left-large:0px;--awb-width-medium:16.666666666667%;--awb-order-medium:0;--awb-spacing-right-medium:0px;--awb-spacing-left-medium:0px;--awb-width-small:100%;--awb-order-small:0;--awb-spacing-right-small:5px;--awb-spacing-left-small:5px;\"><div class=\"fusion-column-wrapper fusion-column-has-shadow fusion-flex-justify-content-flex-start fusion-content-layout-column\"><div class=\"fusion-image-element \" style=\"--awb-aspect-ratio:1 \/ 1;--awb-caption-title-size:30px;--awb-caption-title-transform:var(--h1_typography-text-transform);--awb-caption-title-line-height:var(--h1_typography-line-height);--awb-caption-title-letter-spacing:var(--h1_typography-letter-spacing);\"><span class=\" fusion-imageframe imageframe-none imageframe-1 awb-imageframe-style awb-imageframe-style-schantel has-aspect-ratio\"><a class=\"fusion-no-lightbox\" href=\"https:\/\/ottesa.parentesi.net\/laboral\/\" target=\"_self\" aria-label=\"Laboral OTESSA\"><img decoding=\"async\" width=\"1200\" height=\"800\" alt=\"Fotografia de decoraci\u00f3 fense referir en assessoria laboral de Ottessa\" src=\"https:\/\/ottesa.parentesi.net\/wp-content\/uploads\/2023\/10\/Laboral-OTESSA.jpeg\" class=\"img-responsive wp-image-954 img-with-aspect-ratio\" srcset=\"https:\/\/ottesalleida.es\/wp-content\/uploads\/2023\/10\/Laboral-OTESSA-200x133.jpeg 200w, https:\/\/ottesalleida.es\/wp-content\/uploads\/2023\/10\/Laboral-OTESSA-400x267.jpeg 400w, https:\/\/ottesalleida.es\/wp-content\/uploads\/2023\/10\/Laboral-OTESSA-600x400.jpeg 600w, https:\/\/ottesalleida.es\/wp-content\/uploads\/2023\/10\/Laboral-OTESSA-800x533.jpeg 800w, https:\/\/ottesalleida.es\/wp-content\/uploads\/2023\/10\/Laboral-OTESSA.jpeg 1200w\" sizes=\"(max-width: 640px) 100vw, 200px\" \/><div class=\"awb-imageframe-caption-container\"><div class=\"awb-imageframe-caption\"><h1 class=\"awb-imageframe-caption-title\">Laboral<\/h1><p class=\"awb-imageframe-caption-text\">Fotografia de decoraci\u00f3 fense referir en assessoria laboral<\/p><\/div><\/div><\/a><\/span><\/div><\/div><\/div>\n<div class=\"fusion-layout-column fusion_builder_column fusion-builder-column-6 fusion_builder_column_1_6 1_6 fusion-flex-column\" style=\"--awb-padding-bottom:40px;--awb-padding-left:40px;--awb-bg-color:var(--awb-color6);--awb-bg-size:cover;--awb-width-large:16.666666666667%;--awb-margin-top-large:0px;--awb-spacing-right-large:0px;--awb-margin-bottom-large:20px;--awb-spacing-left-large:0px;--awb-width-medium:16.666666666667%;--awb-order-medium:0;--awb-spacing-right-medium:0px;--awb-spacing-left-medium:0px;--awb-width-small:100%;--awb-order-small:0;--awb-spacing-right-small:5px;--awb-spacing-left-small:5px;\"><div class=\"fusion-column-wrapper fusion-column-has-shadow fusion-flex-justify-content-flex-start fusion-content-layout-column\"><div class=\"fusion-image-element \" style=\"--awb-aspect-ratio:1 \/ 1;--awb-caption-title-size:30px;--awb-caption-title-transform:var(--h1_typography-text-transform);--awb-caption-title-line-height:var(--h1_typography-line-height);--awb-caption-title-letter-spacing:var(--h1_typography-letter-spacing);\"><span class=\" fusion-imageframe imageframe-none imageframe-2 awb-imageframe-style awb-imageframe-style-schantel has-aspect-ratio\"><a class=\"fusion-no-lightbox\" href=\"https:\/\/ottesa.parentesi.net\/es\/fiscal-contable\/\" target=\"_self\" aria-label=\"Fiscal OTESSA_2\"><img decoding=\"async\" width=\"1200\" height=\"800\" src=\"https:\/\/ottesalleida.es\/wp-content\/uploads\/2023\/10\/Fiscal-OTESSA_2.jpeg\" class=\"img-responsive wp-image-1278 img-with-aspect-ratio\" alt srcset=\"https:\/\/ottesalleida.es\/wp-content\/uploads\/2023\/10\/Fiscal-OTESSA_2-200x133.jpeg 200w, https:\/\/ottesalleida.es\/wp-content\/uploads\/2023\/10\/Fiscal-OTESSA_2-400x267.jpeg 400w, https:\/\/ottesalleida.es\/wp-content\/uploads\/2023\/10\/Fiscal-OTESSA_2-600x400.jpeg 600w, https:\/\/ottesalleida.es\/wp-content\/uploads\/2023\/10\/Fiscal-OTESSA_2-800x533.jpeg 800w, https:\/\/ottesalleida.es\/wp-content\/uploads\/2023\/10\/Fiscal-OTESSA_2.jpeg 1200w\" sizes=\"(max-width: 640px) 100vw, 200px\" \/><div class=\"awb-imageframe-caption-container\"><div class=\"awb-imageframe-caption\"><h1 class=\"awb-imageframe-caption-title\">Fiscal | Contable<\/h1><\/div><\/div><\/a><\/span><\/div><\/div><\/div>\n<div class=\"fusion-layout-column fusion_builder_column fusion-builder-column-7 fusion_builder_column_1_6 1_6 fusion-flex-column\" style=\"--awb-padding-bottom:40px;--awb-padding-left:40px;--awb-bg-color:var(--awb-color6);--awb-bg-size:cover;--awb-width-large:16.666666666667%;--awb-margin-top-large:0px;--awb-spacing-right-large:0px;--awb-margin-bottom-large:20px;--awb-spacing-left-large:0px;--awb-width-medium:16.666666666667%;--awb-order-medium:0;--awb-spacing-right-medium:0px;--awb-spacing-left-medium:0px;--awb-width-small:100%;--awb-order-small:0;--awb-spacing-right-small:5px;--awb-spacing-left-small:5px;\"><div class=\"fusion-column-wrapper fusion-column-has-shadow fusion-flex-justify-content-flex-start fusion-content-layout-column\"><div class=\"fusion-image-element \" style=\"--awb-aspect-ratio:1 \/ 1;--awb-caption-title-size:30px;--awb-caption-title-transform:var(--h1_typography-text-transform);--awb-caption-title-line-height:var(--h1_typography-line-height);--awb-caption-title-letter-spacing:var(--h1_typography-letter-spacing);\"><span class=\" fusion-imageframe imageframe-none imageframe-3 awb-imageframe-style awb-imageframe-style-schantel has-aspect-ratio\"><a class=\"fusion-no-lightbox\" href=\"https:\/\/ottesa.parentesi.net\/es\/juridico\/\" target=\"_self\" aria-label=\"Juridic OTESSA_3\"><img decoding=\"async\" width=\"2560\" height=\"1737\" alt=\"Juridic OTESSA_3\" src=\"https:\/\/ottesa.parentesi.net\/wp-content\/uploads\/2023\/10\/Juridic-OTESSA_3-1-scaled.jpeg\" class=\"img-responsive wp-image-1016 img-with-aspect-ratio\" srcset=\"https:\/\/ottesalleida.es\/wp-content\/uploads\/2023\/10\/Juridic-OTESSA_3-1-200x136.jpeg 200w, https:\/\/ottesalleida.es\/wp-content\/uploads\/2023\/10\/Juridic-OTESSA_3-1-400x271.jpeg 400w, https:\/\/ottesalleida.es\/wp-content\/uploads\/2023\/10\/Juridic-OTESSA_3-1-600x407.jpeg 600w, https:\/\/ottesalleida.es\/wp-content\/uploads\/2023\/10\/Juridic-OTESSA_3-1-800x543.jpeg 800w, https:\/\/ottesalleida.es\/wp-content\/uploads\/2023\/10\/Juridic-OTESSA_3-1-1200x814.jpeg 1200w, https:\/\/ottesalleida.es\/wp-content\/uploads\/2023\/10\/Juridic-OTESSA_3-1-scaled.jpeg 2560w\" sizes=\"(max-width: 640px) 100vw, 200px\" \/><div class=\"awb-imageframe-caption-container\"><div class=\"awb-imageframe-caption\"><h1 class=\"awb-imageframe-caption-title\">Jur\u00eddico<\/h1><\/div><\/div><\/a><\/span><\/div><\/div><\/div>\n<div class=\"fusion-layout-column fusion_builder_column fusion-builder-column-8 fusion_builder_column_1_6 1_6 fusion-flex-column\" style=\"--awb-padding-bottom:40px;--awb-padding-left:40px;--awb-bg-color:var(--awb-color6);--awb-bg-size:cover;--awb-width-large:16.666666666667%;--awb-margin-top-large:0px;--awb-spacing-right-large:0px;--awb-margin-bottom-large:20px;--awb-spacing-left-large:0px;--awb-width-medium:16.666666666667%;--awb-order-medium:0;--awb-spacing-right-medium:0px;--awb-spacing-left-medium:0px;--awb-width-small:100%;--awb-order-small:0;--awb-spacing-right-small:5px;--awb-spacing-left-small:5px;\"><div class=\"fusion-column-wrapper fusion-column-has-shadow fusion-flex-justify-content-flex-start fusion-content-layout-column\"><div class=\"fusion-image-element \" style=\"--awb-aspect-ratio:1 \/ 1;--awb-caption-title-size:30px;--awb-caption-title-transform:var(--h1_typography-text-transform);--awb-caption-title-line-height:var(--h1_typography-line-height);--awb-caption-title-letter-spacing:var(--h1_typography-letter-spacing);\"><span class=\" fusion-imageframe imageframe-none imageframe-4 awb-imageframe-style awb-imageframe-style-schantel has-aspect-ratio\"><a class=\"fusion-no-lightbox\" href=\"https:\/\/ottesa.parentesi.net\/coaching-organitzacional\/\" target=\"_self\" aria-label=\"Coaching OTESSA_3\"><img decoding=\"async\" width=\"1200\" height=\"800\" alt=\"Coaching OTESSA es veuen \" src=\"https:\/\/ottesa.parentesi.net\/wp-content\/uploads\/2023\/10\/Coaching-OTESSA_3.jpeg\" class=\"img-responsive wp-image-1022 img-with-aspect-ratio\" srcset=\"https:\/\/ottesalleida.es\/wp-content\/uploads\/2023\/10\/Coaching-OTESSA_3-200x133.jpeg 200w, https:\/\/ottesalleida.es\/wp-content\/uploads\/2023\/10\/Coaching-OTESSA_3-400x267.jpeg 400w, https:\/\/ottesalleida.es\/wp-content\/uploads\/2023\/10\/Coaching-OTESSA_3-600x400.jpeg 600w, https:\/\/ottesalleida.es\/wp-content\/uploads\/2023\/10\/Coaching-OTESSA_3-800x533.jpeg 800w, https:\/\/ottesalleida.es\/wp-content\/uploads\/2023\/10\/Coaching-OTESSA_3.jpeg 1200w\" sizes=\"(max-width: 640px) 100vw, 200px\" \/><div class=\"awb-imageframe-caption-container\"><div class=\"awb-imageframe-caption\"><h1 class=\"awb-imageframe-caption-title\">Coaching<\/h1><\/div><\/div><\/a><\/span><\/div><\/div><\/div>\n<\/div><\/div><\/p>\n","protected":false},"excerpt":{"rendered":"","protected":false},"author":1,"featured_media":0,"parent":0,"menu_order":0,"comment_status":"closed","ping_status":"open","template":"100-width.php","meta":[],"yoast_head":"<!-- This site is optimized with the Yoast SEO plugin v20.3 - https:\/\/yoast.com\/wordpress\/plugins\/seo\/ -->\n<title>Gestor\u00eda - Ottesa<\/title>\n<meta name=\"robots\" content=\"index, follow, max-snippet:-1, max-image-preview:large, max-video-preview:-1\" \/>\n<link rel=\"canonical\" href=\"https:\/\/ottesalleida.es\/es\/gestoria\/\" \/>\n<meta property=\"og:locale\" content=\"es_ES\" \/>\n<meta property=\"og:type\" content=\"article\" \/>\n<meta property=\"og:title\" content=\"Gestor\u00eda - Ottesa\" \/>\n<meta property=\"og:url\" content=\"https:\/\/ottesalleida.es\/es\/gestoria\/\" \/>\n<meta property=\"og:site_name\" content=\"Ottesa\" \/>\n<meta property=\"article:modified_time\" content=\"2023-10-19T11:11:38+00:00\" \/>\n<meta name=\"twitter:card\" content=\"summary_large_image\" \/>\n<meta name=\"twitter:label1\" content=\"Tiempo de lectura\" \/>\n\t<meta name=\"twitter:data1\" content=\"16 minutos\" \/>\n<script type=\"application\/ld+json\" class=\"yoast-schema-graph\">{\"@context\":\"https:\/\/schema.org\",\"@graph\":[{\"@type\":\"WebPage\",\"@id\":\"https:\/\/ottesalleida.es\/es\/gestoria\/\",\"url\":\"https:\/\/ottesalleida.es\/es\/gestoria\/\",\"name\":\"Gestor\u00eda - Ottesa\",\"isPartOf\":{\"@id\":\"https:\/\/ottesalleida.es\/#website\"},\"datePublished\":\"2023-04-05T15:03:55+00:00\",\"dateModified\":\"2023-10-19T11:11:38+00:00\",\"breadcrumb\":{\"@id\":\"https:\/\/ottesalleida.es\/es\/gestoria\/#breadcrumb\"},\"inLanguage\":\"es\",\"potentialAction\":[{\"@type\":\"ReadAction\",\"target\":[\"https:\/\/ottesalleida.es\/es\/gestoria\/\"]}]},{\"@type\":\"BreadcrumbList\",\"@id\":\"https:\/\/ottesalleida.es\/es\/gestoria\/#breadcrumb\",\"itemListElement\":[{\"@type\":\"ListItem\",\"position\":1,\"name\":\"Portada\",\"item\":\"https:\/\/ottesalleida.es\/es\/\"},{\"@type\":\"ListItem\",\"position\":2,\"name\":\"Gestor\u00eda\"}]},{\"@type\":\"WebSite\",\"@id\":\"https:\/\/ottesalleida.es\/#website\",\"url\":\"https:\/\/ottesalleida.es\/\",\"name\":\"Ottesa\",\"description\":\"Assessoria a Lleida\",\"potentialAction\":[{\"@type\":\"SearchAction\",\"target\":{\"@type\":\"EntryPoint\",\"urlTemplate\":\"https:\/\/ottesalleida.es\/?s={search_term_string}\"},\"query-input\":\"required name=search_term_string\"}],\"inLanguage\":\"es\"}]}<\/script>\n<!-- \/ Yoast SEO plugin. -->","yoast_head_json":{"title":"Gestor\u00eda - Ottesa","robots":{"index":"index","follow":"follow","max-snippet":"max-snippet:-1","max-image-preview":"max-image-preview:large","max-video-preview":"max-video-preview:-1"},"canonical":"https:\/\/ottesalleida.es\/es\/gestoria\/","og_locale":"es_ES","og_type":"article","og_title":"Gestor\u00eda - Ottesa","og_url":"https:\/\/ottesalleida.es\/es\/gestoria\/","og_site_name":"Ottesa","article_modified_time":"2023-10-19T11:11:38+00:00","twitter_card":"summary_large_image","twitter_misc":{"Tiempo de lectura":"16 minutos"},"schema":{"@context":"https:\/\/schema.org","@graph":[{"@type":"WebPage","@id":"https:\/\/ottesalleida.es\/es\/gestoria\/","url":"https:\/\/ottesalleida.es\/es\/gestoria\/","name":"Gestor\u00eda - Ottesa","isPartOf":{"@id":"https:\/\/ottesalleida.es\/#website"},"datePublished":"2023-04-05T15:03:55+00:00","dateModified":"2023-10-19T11:11:38+00:00","breadcrumb":{"@id":"https:\/\/ottesalleida.es\/es\/gestoria\/#breadcrumb"},"inLanguage":"es","potentialAction":[{"@type":"ReadAction","target":["https:\/\/ottesalleida.es\/es\/gestoria\/"]}]},{"@type":"BreadcrumbList","@id":"https:\/\/ottesalleida.es\/es\/gestoria\/#breadcrumb","itemListElement":[{"@type":"ListItem","position":1,"name":"Portada","item":"https:\/\/ottesalleida.es\/es\/"},{"@type":"ListItem","position":2,"name":"Gestor\u00eda"}]},{"@type":"WebSite","@id":"https:\/\/ottesalleida.es\/#website","url":"https:\/\/ottesalleida.es\/","name":"Ottesa","description":"Assessoria a Lleida","potentialAction":[{"@type":"SearchAction","target":{"@type":"EntryPoint","urlTemplate":"https:\/\/ottesalleida.es\/?s={search_term_string}"},"query-input":"required name=search_term_string"}],"inLanguage":"es"}]}},"_links":{"self":[{"href":"https:\/\/ottesalleida.es\/es\/wp-json\/wp\/v2\/pages\/1135"}],"collection":[{"href":"https:\/\/ottesalleida.es\/es\/wp-json\/wp\/v2\/pages"}],"about":[{"href":"https:\/\/ottesalleida.es\/es\/wp-json\/wp\/v2\/types\/page"}],"author":[{"embeddable":true,"href":"https:\/\/ottesalleida.es\/es\/wp-json\/wp\/v2\/users\/1"}],"replies":[{"embeddable":true,"href":"https:\/\/ottesalleida.es\/es\/wp-json\/wp\/v2\/comments?post=1135"}],"version-history":[{"count":5,"href":"https:\/\/ottesalleida.es\/es\/wp-json\/wp\/v2\/pages\/1135\/revisions"}],"predecessor-version":[{"id":1411,"href":"https:\/\/ottesalleida.es\/es\/wp-json\/wp\/v2\/pages\/1135\/revisions\/1411"}],"wp:attachment":[{"href":"https:\/\/ottesalleida.es\/es\/wp-json\/wp\/v2\/media?parent=1135"}],"curies":[{"name":"wp","href":"https:\/\/api.w.org\/{rel}","templated":true}]}}